{"id":392,"date":"2025-02-25T19:07:38","date_gmt":"2025-02-25T18:07:38","guid":{"rendered":"https:\/\/sophie-lepesant.fr\/?page_id=392"},"modified":"2025-03-30T20:06:41","modified_gmt":"2025-03-30T18:06:41","slug":"a-propos-2","status":"publish","type":"page","link":"https:\/\/sophie-lepesant.fr\/index.php\/a-propos-2\/","title":{"rendered":"\u00e0 propos"},"content":{"rendered":"\t\t<div data-elementor-type=\"wp-page\" data-elementor-id=\"392\" class=\"elementor elementor-392\">\n\t\t\t\t<div class=\"elementor-element elementor-element-587d5d3 e-transform e-flex e-con-boxed e-con e-parent\" data-id=\"587d5d3\" data-element_type=\"container\" data-settings=\"{&quot;_transform_translateX_effect&quot;:{&quot;unit&quot;:&quot;px&quot;,&quot;size&quot;:0,&quot;sizes&quot;:[]},&quot;_transform_translateX_effect_tablet&quot;:{&quot;unit&quot;:&quot;px&quot;,&quot;size&quot;:&quot;&quot;,&quot;sizes&quot;:[]},&quot;_transform_translateX_effect_mobile&quot;:{&quot;unit&quot;:&quot;px&quot;,&quot;size&quot;:&quot;&quot;,&quot;sizes&quot;:[]},&quot;_transform_translateY_effect&quot;:{&quot;unit&quot;:&quot;px&quot;,&quot;size&quot;:&quot;&quot;,&quot;sizes&quot;:[]},&quot;_transform_translateY_effect_tablet&quot;:{&quot;unit&quot;:&quot;px&quot;,&quot;size&quot;:&quot;&quot;,&quot;sizes&quot;:[]},&quot;_transform_translateY_effect_mobile&quot;:{&quot;unit&quot;:&quot;px&quot;,&quot;size&quot;:&quot;&quot;,&quot;sizes&quot;:[]}}\">\n\t\t\t\t\t<div class=\"e-con-inner\">\n\t\t<div class=\"elementor-element elementor-element-bfc8cc9 e-con-full e-flex e-con e-child\" data-id=\"bfc8cc9\" data-element_type=\"container\">\n\t\t\t\t<div class=\"elementor-element elementor-element-7041cd5 elementor-widget elementor-widget-heading\" data-id=\"7041cd5\" data-element_type=\"widget\" data-widget_type=\"heading.default\">\n\t\t\t\t<div class=\"elementor-widget-container\">\n\t\t\t\t\t<h2 class=\"elementor-heading-title elementor-size-default\">Les fondatrices <\/h2>\t\t\t\t<\/div>\n\t\t\t\t<\/div>\n\t\t\t\t<div class=\"elementor-element elementor-element-c029f50 elementor-widget__width-initial e-transform elementor-widget elementor-widget-image\" data-id=\"c029f50\" data-element_type=\"widget\" data-settings=\"{&quot;_transform_translateX_effect_tablet&quot;:{&quot;unit&quot;:&quot;px&quot;,&quot;size&quot;:0,&quot;sizes&quot;:[]},&quot;_transform_translateY_effect_tablet&quot;:{&quot;unit&quot;:&quot;px&quot;,&quot;size&quot;:0,&quot;sizes&quot;:[]},&quot;_transform_translateX_effect&quot;:{&quot;unit&quot;:&quot;px&quot;,&quot;size&quot;:&quot;&quot;,&quot;sizes&quot;:[]},&quot;_transform_translateX_effect_mobile&quot;:{&quot;unit&quot;:&quot;px&quot;,&quot;size&quot;:&quot;&quot;,&quot;sizes&quot;:[]},&quot;_transform_translateY_effect&quot;:{&quot;unit&quot;:&quot;px&quot;,&quot;size&quot;:&quot;&quot;,&quot;sizes&quot;:[]},&quot;_transform_translateY_effect_mobile&quot;:{&quot;unit&quot;:&quot;px&quot;,&quot;size&quot;:&quot;&quot;,&quot;sizes&quot;:[]}}\" data-widget_type=\"image.default\">\n\t\t\t\t<div class=\"elementor-widget-container\">\n\t\t\t\t\t\t\t\t\t\t\t\t<figure class=\"wp-caption\">\n\t\t\t\t\t\t\t\t\t\t<img fetchpriority=\"high\" decoding=\"async\" width=\"300\" height=\"200\" src=\"https:\/\/sophie-lepesant.fr\/wp-content\/uploads\/2025\/02\/Lea_2-300x200.webp\" class=\"attachment-medium size-medium wp-image-428\" alt=\"\" srcset=\"https:\/\/sophie-lepesant.fr\/wp-content\/uploads\/2025\/02\/Lea_2-300x200.webp 300w, https:\/\/sophie-lepesant.fr\/wp-content\/uploads\/2025\/02\/Lea_2-1024x683.webp 1024w, https:\/\/sophie-lepesant.fr\/wp-content\/uploads\/2025\/02\/Lea_2-768x512.webp 768w, https:\/\/sophie-lepesant.fr\/wp-content\/uploads\/2025\/02\/Lea_2.webp 1212w\" sizes=\"(max-width: 300px) 100vw, 300px\" \/>\t\t\t\t\t\t\t\t\t\t\t<figcaption class=\"widget-image-caption wp-caption-text\">L\u00e9a Alvarez<\/figcaption>\n\t\t\t\t\t\t\t\t\t\t<\/figure>\n\t\t\t\t\t\t\t\t\t<\/div>\n\t\t\t\t<\/div>\n\t\t\t\t<div class=\"elementor-element elementor-element-0cf8ef8 e-transform elementor-widget elementor-widget-image\" data-id=\"0cf8ef8\" data-element_type=\"widget\" data-settings=\"{&quot;_transform_translateY_effect_tablet&quot;:{&quot;unit&quot;:&quot;px&quot;,&quot;size&quot;:24,&quot;sizes&quot;:[]},&quot;_transform_translateX_effect&quot;:{&quot;unit&quot;:&quot;px&quot;,&quot;size&quot;:&quot;&quot;,&quot;sizes&quot;:[]},&quot;_transform_translateX_effect_tablet&quot;:{&quot;unit&quot;:&quot;px&quot;,&quot;size&quot;:&quot;&quot;,&quot;sizes&quot;:[]},&quot;_transform_translateX_effect_mobile&quot;:{&quot;unit&quot;:&quot;px&quot;,&quot;size&quot;:&quot;&quot;,&quot;sizes&quot;:[]},&quot;_transform_translateY_effect&quot;:{&quot;unit&quot;:&quot;px&quot;,&quot;size&quot;:&quot;&quot;,&quot;sizes&quot;:[]},&quot;_transform_translateY_effect_mobile&quot;:{&quot;unit&quot;:&quot;px&quot;,&quot;size&quot;:&quot;&quot;,&quot;sizes&quot;:[]}}\" data-widget_type=\"image.default\">\n\t\t\t\t<div class=\"elementor-widget-container\">\n\t\t\t\t\t\t\t\t\t\t\t\t<figure class=\"wp-caption\">\n\t\t\t\t\t\t\t\t\t\t<img decoding=\"async\" width=\"300\" height=\"200\" src=\"https:\/\/sophie-lepesant.fr\/wp-content\/uploads\/2025\/02\/Sophie_11zon_1_11zon-300x200.webp\" class=\"attachment-medium size-medium wp-image-427\" alt=\"sophie\" srcset=\"https:\/\/sophie-lepesant.fr\/wp-content\/uploads\/2025\/02\/Sophie_11zon_1_11zon-300x200.webp 300w, https:\/\/sophie-lepesant.fr\/wp-content\/uploads\/2025\/02\/Sophie_11zon_1_11zon-768x512.webp 768w, https:\/\/sophie-lepesant.fr\/wp-content\/uploads\/2025\/02\/Sophie_11zon_1_11zon.webp 955w\" sizes=\"(max-width: 300px) 100vw, 300px\" \/>\t\t\t\t\t\t\t\t\t\t\t<figcaption class=\"widget-image-caption wp-caption-text\">Sophie Dubois<\/figcaption>\n\t\t\t\t\t\t\t\t\t\t<\/figure>\n\t\t\t\t\t\t\t\t\t<\/div>\n\t\t\t\t<\/div>\n\t\t\t\t<\/div>\n\t\t\t\t<div class=\"elementor-element elementor-element-336e730 e-transform e-transform elementor-widget-tablet__width-initial elementor-widget elementor-widget-html\" data-id=\"336e730\" data-element_type=\"widget\" data-settings=\"{&quot;_transform_scale_effect&quot;:{&quot;unit&quot;:&quot;px&quot;,&quot;size&quot;:0.8,&quot;sizes&quot;:[]},&quot;_transform_scale_effect_tablet&quot;:{&quot;unit&quot;:&quot;px&quot;,&quot;size&quot;:0.7,&quot;sizes&quot;:[]},&quot;_transform_scale_effect_mobile&quot;:{&quot;unit&quot;:&quot;px&quot;,&quot;size&quot;:0.7,&quot;sizes&quot;:[]},&quot;_transform_translateY_effect_tablet&quot;:{&quot;unit&quot;:&quot;px&quot;,&quot;size&quot;:-100,&quot;sizes&quot;:[]},&quot;_transform_translateY_effect_mobile&quot;:{&quot;unit&quot;:&quot;px&quot;,&quot;size&quot;:-33,&quot;sizes&quot;:[]},&quot;_transform_translateX_effect&quot;:{&quot;unit&quot;:&quot;px&quot;,&quot;size&quot;:&quot;&quot;,&quot;sizes&quot;:[]},&quot;_transform_translateX_effect_tablet&quot;:{&quot;unit&quot;:&quot;px&quot;,&quot;size&quot;:&quot;&quot;,&quot;sizes&quot;:[]},&quot;_transform_translateX_effect_mobile&quot;:{&quot;unit&quot;:&quot;px&quot;,&quot;size&quot;:&quot;&quot;,&quot;sizes&quot;:[]},&quot;_transform_translateY_effect&quot;:{&quot;unit&quot;:&quot;px&quot;,&quot;size&quot;:&quot;&quot;,&quot;sizes&quot;:[]}}\" data-widget_type=\"html.default\">\n\t\t\t\t<div class=\"elementor-widget-container\">\n\t\t\t\t\t<!DOCTYPE html>\n<html lang=\"fr\">\n<head>\n    <meta charset=\"UTF-8\">\n    <meta name=\"viewport\" content=\"width=device-width, initial-scale=1.0\">\n    <link rel=\"stylesheet\" href=\"style.css\">\n    <style>\n        p {\n            color: #e13b53;\n            font-size: 24px;\n            text-align: left;\n            }\n    <\/style>\n    <title>Pr\u00e9sentation<\/title>\n<\/head>\n<body>\n    <p>\n        Nous sommes toutes les deux issues du Pays Basque. C\u2019est pourquoi, nous souhaitons \u00eatre les plus authentiques, en proposant des sp\u00e9cialit\u00e9s de Biarritz.\n    <\/p>\n    <p>\n        \u00c0 la fois, nous restons traditionnelles et \u00e0 la fois, nous aimons particuli\u00e8rement l\u2019univers des coffee shop am\u00e9ricains. Alors, nous allons allier les deux aspects dans un concept \u00e9volutif et g\u00e9n\u00e9reux.\n    <\/p>\n    <p>\n        Sophie Dubois, chef p\u00e2tissi\u00e8re et L\u00e9a Alvarez, experte en marketing, sont heureuses de mettre \u00e0 profit leurs talents afin de vous proposer des produits savoureux.\n    <\/p>\n<\/body>\n<\/html>\t\t\t\t<\/div>\n\t\t\t\t<\/div>\n\t\t\t\t\t<\/div>\n\t\t\t\t<\/div>\n\t\t<div class=\"elementor-element elementor-element-8d8a89a e-flex e-con-boxed e-con e-parent\" data-id=\"8d8a89a\" data-element_type=\"container\">\n\t\t\t\t\t<div class=\"e-con-inner\">\n\t\t\t\t<div class=\"elementor-element elementor-element-595ca54 elementor-widget elementor-widget-spacer\" data-id=\"595ca54\" data-element_type=\"widget\" data-widget_type=\"spacer.default\">\n\t\t\t\t<div class=\"elementor-widget-container\">\n\t\t\t\t\t\t\t<div class=\"elementor-spacer\">\n\t\t\t<div class=\"elementor-spacer-inner\"><\/div>\n\t\t<\/div>\n\t\t\t\t\t\t<\/div>\n\t\t\t\t<\/div>\n\t\t\t\t<div class=\"elementor-element elementor-element-fb8c6e4 elementor-widget elementor-widget-heading\" data-id=\"fb8c6e4\" data-element_type=\"widget\" data-widget_type=\"heading.default\">\n\t\t\t\t<div class=\"elementor-widget-container\">\n\t\t\t\t\t<h2 class=\"elementor-heading-title elementor-size-default\">Le caf\u00e9<\/h2>\t\t\t\t<\/div>\n\t\t\t\t<\/div>\n\t\t\t\t\t<\/div>\n\t\t\t\t<\/div>\n\t\t<div class=\"elementor-element elementor-element-bd51f84 e-flex e-con-boxed e-con e-parent\" data-id=\"bd51f84\" data-element_type=\"container\">\n\t\t\t\t\t<div class=\"e-con-inner\">\n\t\t\t\t<div class=\"elementor-element elementor-element-64aaaa8 e-transform elementor-widget elementor-widget-text-editor\" data-id=\"64aaaa8\" data-element_type=\"widget\" data-settings=\"{&quot;_transform_scale_effect_tablet&quot;:{&quot;unit&quot;:&quot;px&quot;,&quot;size&quot;:0.8,&quot;sizes&quot;:[]},&quot;_transform_scale_effect&quot;:{&quot;unit&quot;:&quot;px&quot;,&quot;size&quot;:1,&quot;sizes&quot;:[]},&quot;_transform_scale_effect_mobile&quot;:{&quot;unit&quot;:&quot;px&quot;,&quot;size&quot;:&quot;&quot;,&quot;sizes&quot;:[]}}\" data-widget_type=\"text-editor.default\">\n\t\t\t\t<div class=\"elementor-widget-container\">\n\t\t\t\t\t\t\t\t\t<div><strong>\u00a0<\/strong><\/div><p><strong>L\u00e9a Alvarez et Sophie Dubois proposent des sp\u00e9cialit\u00e9s concoct\u00e9es avec amour. Les donuts sont pr\u00e9par\u00e9s avec la passion de la p\u00e2tisserie et de la cr\u00e9ativit\u00e9 pour enrichir nos recettes. Chaque saison, nous utiliserons des produits frais et locaux pour servir les smoothies maisons et les saveurs Basque dans nos donut maison.<\/strong><\/p><p><strong>R\u00e9guli\u00e8rement, nous vous proposerons des nouvelles recettes et des ateliers cuisines. Des mini-conf\u00e9rences seront mis en places pour d\u00e9velopper des communaut\u00e9s \u00e9tudiantes et freelances. Le wifi est disponible, vous pouvez donc venir soit vous d\u00e9tendre ou travailler tout en d\u00e9gustant une boisson chaude ou un jus bien frais.<\/strong><\/p>\t\t\t\t\t\t\t\t<\/div>\n\t\t\t\t<\/div>\n\t\t\t\t\t<\/div>\n\t\t\t\t<\/div>\n\t\t<div class=\"elementor-element elementor-element-8758903 e-flex e-con-boxed e-con e-parent\" data-id=\"8758903\" data-element_type=\"container\">\n\t\t\t\t\t<div class=\"e-con-inner\">\n\t\t\t\t<div class=\"elementor-element elementor-element-b284688 elementor-widget__width-inherit elementor-widget elementor-widget-heading\" data-id=\"b284688\" data-element_type=\"widget\" data-widget_type=\"heading.default\">\n\t\t\t\t<div class=\"elementor-widget-container\">\n\t\t\t\t\t<h2 class=\"elementor-heading-title elementor-size-default\">Nos valeurs<\/h2>\t\t\t\t<\/div>\n\t\t\t\t<\/div>\n\t\t\t\t\t<\/div>\n\t\t\t\t<\/div>\n\t\t<div class=\"elementor-element elementor-element-2e80974 e-flex e-con-boxed e-con e-parent\" data-id=\"2e80974\" data-element_type=\"container\">\n\t\t\t\t\t<div class=\"e-con-inner\">\n\t\t\t\t<div class=\"elementor-element elementor-element-7282e9a elementor-widget elementor-widget-text-editor\" data-id=\"7282e9a\" data-element_type=\"widget\" data-widget_type=\"text-editor.default\">\n\t\t\t\t<div class=\"elementor-widget-container\">\n\t\t\t\t\t\t\t\t\t<div>\u00a0<\/div><p>AUTHENTICIT\u00c9<\/p><p>QUALIT\u00c9<\/p><p>CONVIVIALIT\u00c9<\/p><p>CR\u00c9ATIVIT\u00c9<\/p><p>PASSION<\/p>\t\t\t\t\t\t\t\t<\/div>\n\t\t\t\t<\/div>\n\t\t\t\t\t<\/div>\n\t\t\t\t<\/div>\n\t\t\t\t<\/div>\n\t\t","protected":false},"excerpt":{"rendered":"<p>Les fondatrices L\u00e9a Alvarez Sophie Dubois Pr\u00e9sentation Nous sommes toutes les deux issues du Pays Basque. C\u2019est pourquoi, nous souhaitons \u00eatre les plus authentiques, en proposant des sp\u00e9cialit\u00e9s de Biarritz. \u00c0 la fois, nous restons traditionnelles et \u00e0 la fois, nous aimons particuli\u00e8rement l\u2019univers des coffee shop am\u00e9ricains. Alors, nous allons allier les deux aspects [&hellip;]<\/p>\n","protected":false},"author":1,"featured_media":0,"parent":0,"menu_order":0,"comment_status":"closed","ping_status":"closed","template":"elementor_header_footer","meta":{"ocean_post_layout":"","ocean_both_sidebars_style":"","ocean_both_sidebars_content_width":0,"ocean_both_sidebars_sidebars_width":0,"ocean_sidebar":"","ocean_second_sidebar":"","ocean_disable_margins":"enable","ocean_add_body_class":"","ocean_shortcode_before_top_bar":"","ocean_shortcode_after_top_bar":"","ocean_shortcode_before_header":"","ocean_shortcode_after_header":"","ocean_has_shortcode":"","ocean_shortcode_after_title":"","ocean_shortcode_before_footer_widgets":"","ocean_shortcode_after_footer_widgets":"","ocean_shortcode_before_footer_bottom":"","ocean_shortcode_after_footer_bottom":"","ocean_display_top_bar":"default","ocean_display_header":"default","ocean_header_style":"","ocean_center_header_left_menu":"","ocean_custom_header_template":"","ocean_custom_logo":0,"ocean_custom_retina_logo":0,"ocean_custom_logo_max_width":0,"ocean_custom_logo_tablet_max_width":0,"ocean_custom_logo_mobile_max_width":0,"ocean_custom_logo_max_height":0,"ocean_custom_logo_tablet_max_height":0,"ocean_custom_logo_mobile_max_height":0,"ocean_header_custom_menu":"","ocean_menu_typo_font_family":"","ocean_menu_typo_font_subset":"","ocean_menu_typo_font_size":0,"ocean_menu_typo_font_size_tablet":0,"ocean_menu_typo_font_size_mobile":0,"ocean_menu_typo_font_size_unit":"px","ocean_menu_typo_font_weight":"","ocean_menu_typo_font_weight_tablet":"","ocean_menu_typo_font_weight_mobile":"","ocean_menu_typo_transform":"","ocean_menu_typo_transform_tablet":"","ocean_menu_typo_transform_mobile":"","ocean_menu_typo_line_height":0,"ocean_menu_typo_line_height_tablet":0,"ocean_menu_typo_line_height_mobile":0,"ocean_menu_typo_line_height_unit":"","ocean_menu_typo_spacing":0,"ocean_menu_typo_spacing_tablet":0,"ocean_menu_typo_spacing_mobile":0,"ocean_menu_typo_spacing_unit":"","ocean_menu_link_color":"","ocean_menu_link_color_hover":"","ocean_menu_link_color_active":"","ocean_menu_link_background":"","ocean_menu_link_hover_background":"","ocean_menu_link_active_background":"","ocean_menu_social_links_bg":"","ocean_menu_social_hover_links_bg":"","ocean_menu_social_links_color":"","ocean_menu_social_hover_links_color":"","ocean_disable_title":"default","ocean_disable_heading":"default","ocean_post_title":"","ocean_post_subheading":"","ocean_post_title_style":"","ocean_post_title_background_color":"","ocean_post_title_background":0,"ocean_post_title_bg_image_position":"","ocean_post_title_bg_image_attachment":"","ocean_post_title_bg_image_repeat":"","ocean_post_title_bg_image_size":"","ocean_post_title_height":0,"ocean_post_title_bg_overlay":0.5,"ocean_post_title_bg_overlay_color":"","ocean_disable_breadcrumbs":"default","ocean_breadcrumbs_color":"","ocean_breadcrumbs_separator_color":"","ocean_breadcrumbs_links_color":"","ocean_breadcrumbs_links_hover_color":"","ocean_display_footer_widgets":"default","ocean_display_footer_bottom":"default","ocean_custom_footer_template":"","footnotes":""},"class_list":["post-392","page","type-page","status-publish","hentry","entry"],"yoast_head":"<!-- This site is optimized with the Yoast SEO plugin v24.5 - https:\/\/yoast.com\/wordpress\/plugins\/seo\/ -->\n<title>\u00e0 propos - Bakery Bliss Caf\u00e9<\/title>\n<meta name=\"robots\" content=\"index, follow, max-snippet:-1, max-image-preview:large, max-video-preview:-1\" \/>\n<link rel=\"canonical\" href=\"https:\/\/sophie-lepesant.fr\/index.php\/a-propos-2\/\" \/>\n<meta property=\"og:locale\" content=\"fr_FR\" \/>\n<meta property=\"og:type\" content=\"article\" \/>\n<meta property=\"og:title\" content=\"\u00e0 propos - Bakery Bliss Caf\u00e9\" \/>\n<meta property=\"og:description\" content=\"Les fondatrices L\u00e9a Alvarez Sophie Dubois Pr\u00e9sentation Nous sommes toutes les deux issues du Pays Basque. C\u2019est pourquoi, nous souhaitons \u00eatre les plus authentiques, en proposant des sp\u00e9cialit\u00e9s de Biarritz. \u00c0 la fois, nous restons traditionnelles et \u00e0 la fois, nous aimons particuli\u00e8rement l\u2019univers des coffee shop am\u00e9ricains. Alors, nous allons allier les deux aspects [&hellip;]\" \/>\n<meta property=\"og:url\" content=\"https:\/\/sophie-lepesant.fr\/index.php\/a-propos-2\/\" \/>\n<meta property=\"og:site_name\" content=\"Bakery Bliss Caf\u00e9\" \/>\n<meta property=\"article:modified_time\" content=\"2025-03-30T18:06:41+00:00\" \/>\n<meta property=\"og:image\" content=\"https:\/\/sophie-lepesant.fr\/wp-content\/uploads\/2025\/02\/Lea_2.webp\" \/>\n\t<meta property=\"og:image:width\" content=\"1212\" \/>\n\t<meta property=\"og:image:height\" content=\"808\" \/>\n\t<meta property=\"og:image:type\" content=\"image\/webp\" \/>\n<meta name=\"twitter:card\" content=\"summary_large_image\" \/>\n<meta name=\"twitter:label1\" content=\"Dur\u00e9e de lecture estim\u00e9e\" \/>\n\t<meta name=\"twitter:data1\" content=\"2 minutes\" \/>\n<script type=\"application\/ld+json\" class=\"yoast-schema-graph\">{\"@context\":\"https:\/\/schema.org\",\"@graph\":[{\"@type\":\"WebPage\",\"@id\":\"https:\/\/sophie-lepesant.fr\/index.php\/a-propos-2\/\",\"url\":\"https:\/\/sophie-lepesant.fr\/index.php\/a-propos-2\/\",\"name\":\"\u00e0 propos - Bakery Bliss Caf\u00e9\",\"isPartOf\":{\"@id\":\"https:\/\/sophie-lepesant.fr\/#website\"},\"primaryImageOfPage\":{\"@id\":\"https:\/\/sophie-lepesant.fr\/index.php\/a-propos-2\/#primaryimage\"},\"image\":{\"@id\":\"https:\/\/sophie-lepesant.fr\/index.php\/a-propos-2\/#primaryimage\"},\"thumbnailUrl\":\"https:\/\/sophie-lepesant.fr\/wp-content\/uploads\/2025\/02\/Lea_2-300x200.webp\",\"datePublished\":\"2025-02-25T18:07:38+00:00\",\"dateModified\":\"2025-03-30T18:06:41+00:00\",\"breadcrumb\":{\"@id\":\"https:\/\/sophie-lepesant.fr\/index.php\/a-propos-2\/#breadcrumb\"},\"inLanguage\":\"fr-FR\",\"potentialAction\":[{\"@type\":\"ReadAction\",\"target\":[\"https:\/\/sophie-lepesant.fr\/index.php\/a-propos-2\/\"]}]},{\"@type\":\"ImageObject\",\"inLanguage\":\"fr-FR\",\"@id\":\"https:\/\/sophie-lepesant.fr\/index.php\/a-propos-2\/#primaryimage\",\"url\":\"https:\/\/sophie-lepesant.fr\/wp-content\/uploads\/2025\/02\/Lea_2.webp\",\"contentUrl\":\"https:\/\/sophie-lepesant.fr\/wp-content\/uploads\/2025\/02\/Lea_2.webp\",\"width\":1212,\"height\":808},{\"@type\":\"BreadcrumbList\",\"@id\":\"https:\/\/sophie-lepesant.fr\/index.php\/a-propos-2\/#breadcrumb\",\"itemListElement\":[{\"@type\":\"ListItem\",\"position\":1,\"name\":\"Accueil\",\"item\":\"https:\/\/sophie-lepesant.fr\/\"},{\"@type\":\"ListItem\",\"position\":2,\"name\":\"\u00e0 propos\"}]},{\"@type\":\"WebSite\",\"@id\":\"https:\/\/sophie-lepesant.fr\/#website\",\"url\":\"https:\/\/sophie-lepesant.fr\/\",\"name\":\"Myst\u00e8re \u00e0 la carte\",\"description\":\"\",\"publisher\":{\"@id\":\"https:\/\/sophie-lepesant.fr\/#organization\"},\"potentialAction\":[{\"@type\":\"SearchAction\",\"target\":{\"@type\":\"EntryPoint\",\"urlTemplate\":\"https:\/\/sophie-lepesant.fr\/?s={search_term_string}\"},\"query-input\":{\"@type\":\"PropertyValueSpecification\",\"valueRequired\":true,\"valueName\":\"search_term_string\"}}],\"inLanguage\":\"fr-FR\"},{\"@type\":\"Organization\",\"@id\":\"https:\/\/sophie-lepesant.fr\/#organization\",\"name\":\"Myst\u00e8re \u00e0 la carte\",\"url\":\"https:\/\/sophie-lepesant.fr\/\",\"logo\":{\"@type\":\"ImageObject\",\"inLanguage\":\"fr-FR\",\"@id\":\"https:\/\/sophie-lepesant.fr\/#\/schema\/logo\/image\/\",\"url\":\"https:\/\/sophie-lepesant.fr\/wp-content\/uploads\/2025\/04\/cropped-Fichier-1-min.webp\",\"contentUrl\":\"https:\/\/sophie-lepesant.fr\/wp-content\/uploads\/2025\/04\/cropped-Fichier-1-min.webp\",\"width\":991,\"height\":882,\"caption\":\"Myst\u00e8re \u00e0 la carte\"},\"image\":{\"@id\":\"https:\/\/sophie-lepesant.fr\/#\/schema\/logo\/image\/\"}}]}<\/script>\n<!-- \/ Yoast SEO plugin. -->","yoast_head_json":{"title":"\u00e0 propos - Bakery Bliss Caf\u00e9","robots":{"index":"index","follow":"follow","max-snippet":"max-snippet:-1","max-image-preview":"max-image-preview:large","max-video-preview":"max-video-preview:-1"},"canonical":"https:\/\/sophie-lepesant.fr\/index.php\/a-propos-2\/","og_locale":"fr_FR","og_type":"article","og_title":"\u00e0 propos - Bakery Bliss Caf\u00e9","og_description":"Les fondatrices L\u00e9a Alvarez Sophie Dubois Pr\u00e9sentation Nous sommes toutes les deux issues du Pays Basque. C\u2019est pourquoi, nous souhaitons \u00eatre les plus authentiques, en proposant des sp\u00e9cialit\u00e9s de Biarritz. \u00c0 la fois, nous restons traditionnelles et \u00e0 la fois, nous aimons particuli\u00e8rement l\u2019univers des coffee shop am\u00e9ricains. Alors, nous allons allier les deux aspects [&hellip;]","og_url":"https:\/\/sophie-lepesant.fr\/index.php\/a-propos-2\/","og_site_name":"Bakery Bliss Caf\u00e9","article_modified_time":"2025-03-30T18:06:41+00:00","og_image":[{"width":1212,"height":808,"url":"https:\/\/sophie-lepesant.fr\/wp-content\/uploads\/2025\/02\/Lea_2.webp","type":"image\/webp"}],"twitter_card":"summary_large_image","twitter_misc":{"Dur\u00e9e de lecture estim\u00e9e":"2 minutes"},"schema":{"@context":"https:\/\/schema.org","@graph":[{"@type":"WebPage","@id":"https:\/\/sophie-lepesant.fr\/index.php\/a-propos-2\/","url":"https:\/\/sophie-lepesant.fr\/index.php\/a-propos-2\/","name":"\u00e0 propos - Bakery Bliss Caf\u00e9","isPartOf":{"@id":"https:\/\/sophie-lepesant.fr\/#website"},"primaryImageOfPage":{"@id":"https:\/\/sophie-lepesant.fr\/index.php\/a-propos-2\/#primaryimage"},"image":{"@id":"https:\/\/sophie-lepesant.fr\/index.php\/a-propos-2\/#primaryimage"},"thumbnailUrl":"https:\/\/sophie-lepesant.fr\/wp-content\/uploads\/2025\/02\/Lea_2-300x200.webp","datePublished":"2025-02-25T18:07:38+00:00","dateModified":"2025-03-30T18:06:41+00:00","breadcrumb":{"@id":"https:\/\/sophie-lepesant.fr\/index.php\/a-propos-2\/#breadcrumb"},"inLanguage":"fr-FR","potentialAction":[{"@type":"ReadAction","target":["https:\/\/sophie-lepesant.fr\/index.php\/a-propos-2\/"]}]},{"@type":"ImageObject","inLanguage":"fr-FR","@id":"https:\/\/sophie-lepesant.fr\/index.php\/a-propos-2\/#primaryimage","url":"https:\/\/sophie-lepesant.fr\/wp-content\/uploads\/2025\/02\/Lea_2.webp","contentUrl":"https:\/\/sophie-lepesant.fr\/wp-content\/uploads\/2025\/02\/Lea_2.webp","width":1212,"height":808},{"@type":"BreadcrumbList","@id":"https:\/\/sophie-lepesant.fr\/index.php\/a-propos-2\/#breadcrumb","itemListElement":[{"@type":"ListItem","position":1,"name":"Accueil","item":"https:\/\/sophie-lepesant.fr\/"},{"@type":"ListItem","position":2,"name":"\u00e0 propos"}]},{"@type":"WebSite","@id":"https:\/\/sophie-lepesant.fr\/#website","url":"https:\/\/sophie-lepesant.fr\/","name":"Myst\u00e8re \u00e0 la carte","description":"","publisher":{"@id":"https:\/\/sophie-lepesant.fr\/#organization"},"potentialAction":[{"@type":"SearchAction","target":{"@type":"EntryPoint","urlTemplate":"https:\/\/sophie-lepesant.fr\/?s={search_term_string}"},"query-input":{"@type":"PropertyValueSpecification","valueRequired":true,"valueName":"search_term_string"}}],"inLanguage":"fr-FR"},{"@type":"Organization","@id":"https:\/\/sophie-lepesant.fr\/#organization","name":"Myst\u00e8re \u00e0 la carte","url":"https:\/\/sophie-lepesant.fr\/","logo":{"@type":"ImageObject","inLanguage":"fr-FR","@id":"https:\/\/sophie-lepesant.fr\/#\/schema\/logo\/image\/","url":"https:\/\/sophie-lepesant.fr\/wp-content\/uploads\/2025\/04\/cropped-Fichier-1-min.webp","contentUrl":"https:\/\/sophie-lepesant.fr\/wp-content\/uploads\/2025\/04\/cropped-Fichier-1-min.webp","width":991,"height":882,"caption":"Myst\u00e8re \u00e0 la carte"},"image":{"@id":"https:\/\/sophie-lepesant.fr\/#\/schema\/logo\/image\/"}}]}},"_links":{"self":[{"href":"https:\/\/sophie-lepesant.fr\/index.php\/wp-json\/wp\/v2\/pages\/392","targetHints":{"allow":["GET"]}}],"collection":[{"href":"https:\/\/sophie-lepesant.fr\/index.php\/wp-json\/wp\/v2\/pages"}],"about":[{"href":"https:\/\/sophie-lepesant.fr\/index.php\/wp-json\/wp\/v2\/types\/page"}],"author":[{"embeddable":true,"href":"https:\/\/sophie-lepesant.fr\/index.php\/wp-json\/wp\/v2\/users\/1"}],"replies":[{"embeddable":true,"href":"https:\/\/sophie-lepesant.fr\/index.php\/wp-json\/wp\/v2\/comments?post=392"}],"version-history":[{"count":40,"href":"https:\/\/sophie-lepesant.fr\/index.php\/wp-json\/wp\/v2\/pages\/392\/revisions"}],"predecessor-version":[{"id":1018,"href":"https:\/\/sophie-lepesant.fr\/index.php\/wp-json\/wp\/v2\/pages\/392\/revisions\/1018"}],"wp:attachment":[{"href":"https:\/\/sophie-lepesant.fr\/index.php\/wp-json\/wp\/v2\/media?parent=392"}],"curies":[{"name":"wp","href":"https:\/\/api.w.org\/{rel}","templated":true}]}}