{"id":407,"date":"2025-02-25T19:53:17","date_gmt":"2025-02-25T18:53:17","guid":{"rendered":"https:\/\/sophie-lepesant.fr\/?page_id=407"},"modified":"2025-03-30T10:07:26","modified_gmt":"2025-03-30T08:07:26","slug":"ingredients","status":"publish","type":"page","link":"https:\/\/sophie-lepesant.fr\/index.php\/ingredients\/","title":{"rendered":"Ingr\u00e9dients"},"content":{"rendered":"\t\t<div data-elementor-type=\"wp-page\" data-elementor-id=\"407\" class=\"elementor elementor-407\">\n\t\t\t\t<div class=\"elementor-element elementor-element-ec85221 e-flex e-con-boxed e-con e-parent\" data-id=\"ec85221\" data-element_type=\"container\" data-settings=\"{&quot;shape_divider_top&quot;:&quot;wave-brush&quot;}\">\n\t\t\t\t\t<div class=\"e-con-inner\">\n\t\t\t\t<div class=\"elementor-shape elementor-shape-top\" data-negative=\"false\">\n\t\t\t<svg xmlns=\"http:\/\/www.w3.org\/2000\/svg\" viewBox=\"0 0 283.5 27.8\" preserveAspectRatio=\"none\">\n\t<path class=\"elementor-shape-fill\" d=\"M283.5,9.7c0,0-7.3,4.3-14,4.6c-6.8,0.3-12.6,0-20.9-1.5c-11.3-2-33.1-10.1-44.7-5.7\ts-12.1,4.6-18,7.4c-6.6,3.2-20,9.6-36.6,9.3C131.6,23.5,99.5,7.2,86.3,8c-1.4,0.1-6.6,0.8-10.5,2c-3.8,1.2-9.4,3.8-17,4.7\tc-3.2,0.4-8.3,1.1-14.2,0.9c-1.5-0.1-6.3-0.4-12-1.6c-5.7-1.2-11-3.1-15.8-3.7C6.5,9.2,0,10.8,0,10.8V0h283.5V9.7z M260.8,11.3\tc-0.7-1-2-0.4-4.3-0.4c-2.3,0-6.1-1.2-5.8-1.1c0.3,0.1,3.1,1.5,6,1.9C259.7,12.2,261.4,12.3,260.8,11.3z M242.4,8.6\tc0,0-2.4-0.2-5.6-0.9c-3.2-0.8-10.3-2.8-15.1-3.5c-8.2-1.1-15.8,0-15.1,0.1c0.8,0.1,9.6-0.6,17.6,1.1c3.3,0.7,9.3,2.2,12.4,2.7\tC239.9,8.7,242.4,8.6,242.4,8.6z M185.2,8.5c1.7-0.7-13.3,4.7-18.5,6.1c-2.1,0.6-6.2,1.6-10,2c-3.9,0.4-8.9,0.4-8.8,0.5\tc0,0.2,5.8,0.8,11.2,0c5.4-0.8,5.2-1.1,7.6-1.6C170.5,14.7,183.5,9.2,185.2,8.5z M199.1,6.9c0.2,0-0.8-0.4-4.8,1.1\tc-4,1.5-6.7,3.5-6.9,3.7c-0.2,0.1,3.5-1.8,6.6-3C197,7.5,199,6.9,199.1,6.9z M283,6c-0.1,0.1-1.9,1.1-4.8,2.5s-6.9,2.8-6.7,2.7\tc0.2,0,3.5-0.6,7.4-2.5C282.8,6.8,283.1,5.9,283,6z M31.3,11.6c0.1-0.2-1.9-0.2-4.5-1.2s-5.4-1.6-7.8-2C15,7.6,7.3,8.5,7.7,8.6\tC8,8.7,15.9,8.3,20.2,9.3c2.2,0.5,2.4,0.5,5.7,1.6S31.2,11.9,31.3,11.6z M73,9.2c0.4-0.1,3.5-1.6,8.4-2.6c4.9-1.1,8.9-0.5,8.9-0.8\tc0-0.3-1-0.9-6.2-0.3S72.6,9.3,73,9.2z M71.6,6.7C71.8,6.8,75,5.4,77.3,5c2.3-0.3,1.9-0.5,1.9-0.6c0-0.1-1.1-0.2-2.7,0.2\tC74.8,5.1,71.4,6.6,71.6,6.7z M93.6,4.4c0.1,0.2,3.5,0.8,5.6,1.8c2.1,1,1.8,0.6,1.9,0.5c0.1-0.1-0.8-0.8-2.4-1.3\tC97.1,4.8,93.5,4.2,93.6,4.4z M65.4,11.1c-0.1,0.3,0.3,0.5,1.9-0.2s2.6-1.3,2.2-1.2s-0.9,0.4-2.5,0.8C65.3,10.9,65.5,10.8,65.4,11.1\tz M34.5,12.4c-0.2,0,2.1,0.8,3.3,0.9c1.2,0.1,2,0.1,2-0.2c0-0.3-0.1-0.5-1.6-0.4C36.6,12.8,34.7,12.4,34.5,12.4z M152.2,21.1\tc-0.1,0.1-2.4-0.3-7.5-0.3c-5,0-13.6-2.4-17.2-3.5c-3.6-1.1,10,3.9,16.5,4.1C150.5,21.6,152.3,21,152.2,21.1z\"\/>\n\t<path class=\"elementor-shape-fill\" d=\"M269.6,18c-0.1-0.1-4.6,0.3-7.2,0c-7.3-0.7-17-3.2-16.6-2.9c0.4,0.3,13.7,3.1,17,3.3\tC267.7,18.8,269.7,18,269.6,18z\"\/>\n\t<path class=\"elementor-shape-fill\" d=\"M227.4,9.8c-0.2-0.1-4.5-1-9.5-1.2c-5-0.2-12.7,0.6-12.3,0.5c0.3-0.1,5.9-1.8,13.3-1.2\tS227.6,9.9,227.4,9.8z\"\/>\n\t<path class=\"elementor-shape-fill\" d=\"M204.5,13.4c-0.1-0.1,2-1,3.2-1.1c1.2-0.1,2,0,2,0.3c0,0.3-0.1,0.5-1.6,0.4\tC206.4,12.9,204.6,13.5,204.5,13.4z\"\/>\n\t<path class=\"elementor-shape-fill\" d=\"M201,10.6c0-0.1-4.4,1.2-6.3,2.2c-1.9,0.9-6.2,3.1-6.1,3.1c0.1,0.1,4.2-1.6,6.3-2.6\tS201,10.7,201,10.6z\"\/>\n\t<path class=\"elementor-shape-fill\" d=\"M154.5,26.7c-0.1-0.1-4.6,0.3-7.2,0c-7.3-0.7-17-3.2-16.6-2.9c0.4,0.3,13.7,3.1,17,3.3\tC152.6,27.5,154.6,26.8,154.5,26.7z\"\/>\n\t<path class=\"elementor-shape-fill\" d=\"M41.9,19.3c0,0,1.2-0.3,2.9-0.1c1.7,0.2,5.8,0.9,8.2,0.7c4.2-0.4,7.4-2.7,7-2.6\tc-0.4,0-4.3,2.2-8.6,1.9c-1.8-0.1-5.1-0.5-6.7-0.4S41.9,19.3,41.9,19.3z\"\/>\n\t<path class=\"elementor-shape-fill\" d=\"M75.5,12.6c0.2,0.1,2-0.8,4.3-1.1c2.3-0.2,2.1-0.3,2.1-0.5c0-0.1-1.8-0.4-3.4,0\tC76.9,11.5,75.3,12.5,75.5,12.6z\"\/>\n\t<path class=\"elementor-shape-fill\" d=\"M15.6,13.2c0-0.1,4.3,0,6.7,0.5c2.4,0.5,5,1.9,5,2c0,0.1-2.7-0.8-5.1-1.4\tC19.9,13.7,15.7,13.3,15.6,13.2z\"\/>\n<\/svg>\t\t<\/div>\n\t\t\t\t<div class=\"elementor-element elementor-element-3ccd5ac elementor-widget elementor-widget-spacer\" data-id=\"3ccd5ac\" data-element_type=\"widget\" data-widget_type=\"spacer.default\">\n\t\t\t\t<div class=\"elementor-widget-container\">\n\t\t\t\t\t\t\t<div class=\"elementor-spacer\">\n\t\t\t<div class=\"elementor-spacer-inner\"><\/div>\n\t\t<\/div>\n\t\t\t\t\t\t<\/div>\n\t\t\t\t<\/div>\n\t\t\t\t\t<\/div>\n\t\t\t\t<\/div>\n\t\t<div class=\"elementor-element elementor-element-48ed147 e-flex e-con-boxed e-con e-parent\" data-id=\"48ed147\" data-element_type=\"container\">\n\t\t\t\t\t<div class=\"e-con-inner\">\n\t\t\t\t<div class=\"elementor-element elementor-element-7bc5e4c elementor-widget elementor-widget-image\" data-id=\"7bc5e4c\" data-element_type=\"widget\" data-widget_type=\"image.default\">\n\t\t\t\t<div class=\"elementor-widget-container\">\n\t\t\t\t\t\t\t\t\t\t\t\t\t\t\t<img fetchpriority=\"high\" decoding=\"async\" width=\"1024\" height=\"724\" src=\"https:\/\/sophie-lepesant.fr\/wp-content\/uploads\/2025\/03\/Plan-de-travail-1-1-min-1024x724.webp\" class=\"attachment-large size-large wp-image-851\" alt=\"data\" srcset=\"https:\/\/sophie-lepesant.fr\/wp-content\/uploads\/2025\/03\/Plan-de-travail-1-1-min-1024x724.webp 1024w, https:\/\/sophie-lepesant.fr\/wp-content\/uploads\/2025\/03\/Plan-de-travail-1-1-min-300x212.webp 300w, https:\/\/sophie-lepesant.fr\/wp-content\/uploads\/2025\/03\/Plan-de-travail-1-1-min-768x543.webp 768w, https:\/\/sophie-lepesant.fr\/wp-content\/uploads\/2025\/03\/Plan-de-travail-1-1-min-1536x1086.webp 1536w, https:\/\/sophie-lepesant.fr\/wp-content\/uploads\/2025\/03\/Plan-de-travail-1-1-min-2048x1448.webp 2048w\" sizes=\"(max-width: 1024px) 100vw, 1024px\" \/>\t\t\t\t\t\t\t\t\t\t\t\t\t\t\t<\/div>\n\t\t\t\t<\/div>\n\t\t\t\t\t<\/div>\n\t\t\t\t<\/div>\n\t\t<div class=\"elementor-element elementor-element-3f664b0 e-flex e-con-boxed e-con e-parent\" data-id=\"3f664b0\" data-element_type=\"container\">\n\t\t\t\t\t<div class=\"e-con-inner\">\n\t\t\t\t<div class=\"elementor-element elementor-element-b6c581a elementor-align-center elementor-widget elementor-widget-button\" data-id=\"b6c581a\" data-element_type=\"widget\" data-widget_type=\"button.default\">\n\t\t\t\t<div class=\"elementor-widget-container\">\n\t\t\t\t\t\t\t\t\t<div class=\"elementor-button-wrapper\">\n\t\t\t\t\t<a class=\"elementor-button elementor-button-link elementor-size-sm\" href=\"https:\/\/sophie-lepesant.fr\/index.php\/carte\/\">\n\t\t\t\t\t\t<span class=\"elementor-button-content-wrapper\">\n\t\t\t\t\t\t\t\t\t<span class=\"elementor-button-text\">Notre carte<\/span>\n\t\t\t\t\t<\/span>\n\t\t\t\t\t<\/a>\n\t\t\t\t<\/div>\n\t\t\t\t\t\t\t\t<\/div>\n\t\t\t\t<\/div>\n\t\t\t\t\t<\/div>\n\t\t\t\t<\/div>\n\t\t<div class=\"elementor-element elementor-element-02104ea e-flex e-con-boxed e-con e-parent\" data-id=\"02104ea\" data-element_type=\"container\">\n\t\t\t\t\t<div class=\"e-con-inner\">\n\t\t\t\t<div class=\"elementor-element elementor-element-aec72cf elementor-widget elementor-widget-heading\" data-id=\"aec72cf\" data-element_type=\"widget\" data-widget_type=\"heading.default\">\n\t\t\t\t<div class=\"elementor-widget-container\">\n\t\t\t\t\t<h2 class=\"elementor-heading-title elementor-size-default\">Les produits r\u00e9gionaux<\/h2>\t\t\t\t<\/div>\n\t\t\t\t<\/div>\n\t\t\t\t\t<\/div>\n\t\t\t\t<\/div>\n\t\t<div class=\"elementor-element elementor-element-db5f88b e-grid e-con-boxed e-con e-parent\" data-id=\"db5f88b\" data-element_type=\"container\">\n\t\t\t\t\t<div class=\"e-con-inner\">\n\t\t\t\t<div class=\"elementor-element elementor-element-0d2078e e-transform elementor-widget elementor-widget-text-editor\" data-id=\"0d2078e\" data-element_type=\"widget\" data-settings=\"{&quot;_transform_translateX_effect&quot;:{&quot;unit&quot;:&quot;px&quot;,&quot;size&quot;:0,&quot;sizes&quot;:[]},&quot;_transform_translateY_effect&quot;:{&quot;unit&quot;:&quot;px&quot;,&quot;size&quot;:0,&quot;sizes&quot;:[]},&quot;_transform_translateX_effect_tablet&quot;:{&quot;unit&quot;:&quot;px&quot;,&quot;size&quot;:&quot;&quot;,&quot;sizes&quot;:[]},&quot;_transform_translateX_effect_mobile&quot;:{&quot;unit&quot;:&quot;px&quot;,&quot;size&quot;:&quot;&quot;,&quot;sizes&quot;:[]},&quot;_transform_translateY_effect_tablet&quot;:{&quot;unit&quot;:&quot;px&quot;,&quot;size&quot;:&quot;&quot;,&quot;sizes&quot;:[]},&quot;_transform_translateY_effect_mobile&quot;:{&quot;unit&quot;:&quot;px&quot;,&quot;size&quot;:&quot;&quot;,&quot;sizes&quot;:[]}}\" data-widget_type=\"text-editor.default\">\n\t\t\t\t<div class=\"elementor-widget-container\">\n\t\t\t\t\t\t\t\t\t<p>\u00a0<\/p><p>Sargano Cidre Basque<\/p>\t\t\t\t\t\t\t\t<\/div>\n\t\t\t\t<\/div>\n\t\t\t\t<div class=\"elementor-element elementor-element-fdc815d elementor-widget elementor-widget-text-editor\" data-id=\"fdc815d\" data-element_type=\"widget\" data-widget_type=\"text-editor.default\">\n\t\t\t\t<div class=\"elementor-widget-container\">\n\t\t\t\t\t\t\t\t\t<p>\u00a0<\/p><p>Piment d&rsquo;Espelette<\/p>\t\t\t\t\t\t\t\t<\/div>\n\t\t\t\t<\/div>\n\t\t\t\t<div class=\"elementor-element elementor-element-5aab223 elementor-widget-mobile__width-initial elementor-widget elementor-widget-text-editor\" data-id=\"5aab223\" data-element_type=\"widget\" data-widget_type=\"text-editor.default\">\n\t\t\t\t<div class=\"elementor-widget-container\">\n\t\t\t\t\t\t\t\t\t<p>\u00a0<\/p><p>Noisettes et ch\u00e2taignes<\/p>\t\t\t\t\t\t\t\t<\/div>\n\t\t\t\t<\/div>\n\t\t\t\t<div class=\"elementor-element elementor-element-49a7359 elementor-widget elementor-widget-text-editor\" data-id=\"49a7359\" data-element_type=\"widget\" data-widget_type=\"text-editor.default\">\n\t\t\t\t<div class=\"elementor-widget-container\">\n\t\t\t\t\t\t\t\t\t<p>\u00a0<\/p><p>Pomme de la vall\u00e9e d\u2019Aspe &amp; kiwi<\/p>\t\t\t\t\t\t\t\t<\/div>\n\t\t\t\t<\/div>\n\t\t\t\t<div class=\"elementor-element elementor-element-50ce691 elementor-widget elementor-widget-text-editor\" data-id=\"50ce691\" data-element_type=\"widget\" data-widget_type=\"text-editor.default\">\n\t\t\t\t<div class=\"elementor-widget-container\">\n\t\t\t\t\t\t\t\t\t<p>\u00a0<\/p><p>Lait d\u2019Ossau-Iraty<\/p>\t\t\t\t\t\t\t\t<\/div>\n\t\t\t\t<\/div>\n\t\t\t\t<div class=\"elementor-element elementor-element-dbf8fbe elementor-widget elementor-widget-text-editor\" data-id=\"dbf8fbe\" data-element_type=\"widget\" data-widget_type=\"text-editor.default\">\n\t\t\t\t<div class=\"elementor-widget-container\">\n\t\t\t\t\t\t\t\t\t<p>\u00a0<\/p><p>P\u00eache basque &amp; kirsch<\/p>\t\t\t\t\t\t\t\t<\/div>\n\t\t\t\t<\/div>\n\t\t\t\t\t<\/div>\n\t\t\t\t<\/div>\n\t\t\t\t<\/div>\n\t\t","protected":false},"excerpt":{"rendered":"<p>Notre carte Les produits r\u00e9gionaux \u00a0 Sargano Cidre Basque \u00a0 Piment d&rsquo;Espelette \u00a0 Noisettes et ch\u00e2taignes \u00a0 Pomme de la vall\u00e9e d\u2019Aspe &amp; kiwi \u00a0 Lait d\u2019Ossau-Iraty \u00a0 P\u00eache basque &amp; kirsch<\/p>\n","protected":false},"author":1,"featured_media":0,"parent":0,"menu_order":0,"comment_status":"closed","ping_status":"closed","template":"elementor_header_footer","meta":{"ocean_post_layout":"","ocean_both_sidebars_style":"","ocean_both_sidebars_content_width":0,"ocean_both_sidebars_sidebars_width":0,"ocean_sidebar":"","ocean_second_sidebar":"","ocean_disable_margins":"enable","ocean_add_body_class":"","ocean_shortcode_before_top_bar":"","ocean_shortcode_after_top_bar":"","ocean_shortcode_before_header":"","ocean_shortcode_after_header":"","ocean_has_shortcode":"","ocean_shortcode_after_title":"","ocean_shortcode_before_footer_widgets":"","ocean_shortcode_after_footer_widgets":"","ocean_shortcode_before_footer_bottom":"","ocean_shortcode_after_footer_bottom":"","ocean_display_top_bar":"default","ocean_display_header":"default","ocean_header_style":"","ocean_center_header_left_menu":"","ocean_custom_header_template":"","ocean_custom_logo":0,"ocean_custom_retina_logo":0,"ocean_custom_logo_max_width":0,"ocean_custom_logo_tablet_max_width":0,"ocean_custom_logo_mobile_max_width":0,"ocean_custom_logo_max_height":0,"ocean_custom_logo_tablet_max_height":0,"ocean_custom_logo_mobile_max_height":0,"ocean_header_custom_menu":"","ocean_menu_typo_font_family":"","ocean_menu_typo_font_subset":"","ocean_menu_typo_font_size":0,"ocean_menu_typo_font_size_tablet":0,"ocean_menu_typo_font_size_mobile":0,"ocean_menu_typo_font_size_unit":"px","ocean_menu_typo_font_weight":"","ocean_menu_typo_font_weight_tablet":"","ocean_menu_typo_font_weight_mobile":"","ocean_menu_typo_transform":"","ocean_menu_typo_transform_tablet":"","ocean_menu_typo_transform_mobile":"","ocean_menu_typo_line_height":0,"ocean_menu_typo_line_height_tablet":0,"ocean_menu_typo_line_height_mobile":0,"ocean_menu_typo_line_height_unit":"","ocean_menu_typo_spacing":0,"ocean_menu_typo_spacing_tablet":0,"ocean_menu_typo_spacing_mobile":0,"ocean_menu_typo_spacing_unit":"","ocean_menu_link_color":"","ocean_menu_link_color_hover":"","ocean_menu_link_color_active":"","ocean_menu_link_background":"","ocean_menu_link_hover_background":"","ocean_menu_link_active_background":"","ocean_menu_social_links_bg":"","ocean_menu_social_hover_links_bg":"","ocean_menu_social_links_color":"","ocean_menu_social_hover_links_color":"","ocean_disable_title":"default","ocean_disable_heading":"default","ocean_post_title":"","ocean_post_subheading":"","ocean_post_title_style":"","ocean_post_title_background_color":"","ocean_post_title_background":0,"ocean_post_title_bg_image_position":"","ocean_post_title_bg_image_attachment":"","ocean_post_title_bg_image_repeat":"","ocean_post_title_bg_image_size":"","ocean_post_title_height":0,"ocean_post_title_bg_overlay":0.5,"ocean_post_title_bg_overlay_color":"","ocean_disable_breadcrumbs":"default","ocean_breadcrumbs_color":"","ocean_breadcrumbs_separator_color":"","ocean_breadcrumbs_links_color":"","ocean_breadcrumbs_links_hover_color":"","ocean_display_footer_widgets":"default","ocean_display_footer_bottom":"default","ocean_custom_footer_template":"","footnotes":""},"class_list":["post-407","page","type-page","status-publish","hentry","entry"],"yoast_head":"<!-- This site is optimized with the Yoast SEO plugin v24.5 - https:\/\/yoast.com\/wordpress\/plugins\/seo\/ -->\n<title>Ingr\u00e9dients - Bakery Bliss Caf\u00e9<\/title>\n<meta name=\"robots\" content=\"index, follow, max-snippet:-1, max-image-preview:large, max-video-preview:-1\" \/>\n<link rel=\"canonical\" href=\"https:\/\/sophie-lepesant.fr\/index.php\/ingredients\/\" \/>\n<meta property=\"og:locale\" content=\"fr_FR\" \/>\n<meta property=\"og:type\" content=\"article\" \/>\n<meta property=\"og:title\" content=\"Ingr\u00e9dients - Bakery Bliss Caf\u00e9\" \/>\n<meta property=\"og:description\" content=\"Notre carte Les produits r\u00e9gionaux \u00a0 Sargano Cidre Basque \u00a0 Piment d&rsquo;Espelette \u00a0 Noisettes et ch\u00e2taignes \u00a0 Pomme de la vall\u00e9e d\u2019Aspe &amp; kiwi \u00a0 Lait d\u2019Ossau-Iraty \u00a0 P\u00eache basque &amp; kirsch\" \/>\n<meta property=\"og:url\" content=\"https:\/\/sophie-lepesant.fr\/index.php\/ingredients\/\" \/>\n<meta property=\"og:site_name\" content=\"Bakery Bliss Caf\u00e9\" \/>\n<meta property=\"article:modified_time\" content=\"2025-03-30T08:07:26+00:00\" \/>\n<meta property=\"og:image\" content=\"https:\/\/sophie-lepesant.fr\/wp-content\/uploads\/2025\/03\/Plan-de-travail-1-1-min-scaled.webp\" \/>\n\t<meta property=\"og:image:width\" content=\"2560\" \/>\n\t<meta property=\"og:image:height\" content=\"1810\" \/>\n\t<meta property=\"og:image:type\" content=\"image\/webp\" \/>\n<meta name=\"twitter:card\" content=\"summary_large_image\" \/>\n<meta name=\"twitter:label1\" content=\"Dur\u00e9e de lecture estim\u00e9e\" \/>\n\t<meta name=\"twitter:data1\" content=\"1 minute\" \/>\n<script type=\"application\/ld+json\" class=\"yoast-schema-graph\">{\"@context\":\"https:\/\/schema.org\",\"@graph\":[{\"@type\":\"WebPage\",\"@id\":\"https:\/\/sophie-lepesant.fr\/index.php\/ingredients\/\",\"url\":\"https:\/\/sophie-lepesant.fr\/index.php\/ingredients\/\",\"name\":\"Ingr\u00e9dients - Bakery Bliss Caf\u00e9\",\"isPartOf\":{\"@id\":\"https:\/\/sophie-lepesant.fr\/#website\"},\"primaryImageOfPage\":{\"@id\":\"https:\/\/sophie-lepesant.fr\/index.php\/ingredients\/#primaryimage\"},\"image\":{\"@id\":\"https:\/\/sophie-lepesant.fr\/index.php\/ingredients\/#primaryimage\"},\"thumbnailUrl\":\"https:\/\/sophie-lepesant.fr\/wp-content\/uploads\/2025\/03\/Plan-de-travail-1-1-min-1024x724.webp\",\"datePublished\":\"2025-02-25T18:53:17+00:00\",\"dateModified\":\"2025-03-30T08:07:26+00:00\",\"breadcrumb\":{\"@id\":\"https:\/\/sophie-lepesant.fr\/index.php\/ingredients\/#breadcrumb\"},\"inLanguage\":\"fr-FR\",\"potentialAction\":[{\"@type\":\"ReadAction\",\"target\":[\"https:\/\/sophie-lepesant.fr\/index.php\/ingredients\/\"]}]},{\"@type\":\"ImageObject\",\"inLanguage\":\"fr-FR\",\"@id\":\"https:\/\/sophie-lepesant.fr\/index.php\/ingredients\/#primaryimage\",\"url\":\"https:\/\/sophie-lepesant.fr\/wp-content\/uploads\/2025\/03\/Plan-de-travail-1-1-min-scaled.webp\",\"contentUrl\":\"https:\/\/sophie-lepesant.fr\/wp-content\/uploads\/2025\/03\/Plan-de-travail-1-1-min-scaled.webp\",\"width\":2560,\"height\":1810,\"caption\":\"data\"},{\"@type\":\"BreadcrumbList\",\"@id\":\"https:\/\/sophie-lepesant.fr\/index.php\/ingredients\/#breadcrumb\",\"itemListElement\":[{\"@type\":\"ListItem\",\"position\":1,\"name\":\"Accueil\",\"item\":\"https:\/\/sophie-lepesant.fr\/\"},{\"@type\":\"ListItem\",\"position\":2,\"name\":\"Ingr\u00e9dients\"}]},{\"@type\":\"WebSite\",\"@id\":\"https:\/\/sophie-lepesant.fr\/#website\",\"url\":\"https:\/\/sophie-lepesant.fr\/\",\"name\":\"Myst\u00e8re \u00e0 la carte\",\"description\":\"\",\"publisher\":{\"@id\":\"https:\/\/sophie-lepesant.fr\/#organization\"},\"potentialAction\":[{\"@type\":\"SearchAction\",\"target\":{\"@type\":\"EntryPoint\",\"urlTemplate\":\"https:\/\/sophie-lepesant.fr\/?s={search_term_string}\"},\"query-input\":{\"@type\":\"PropertyValueSpecification\",\"valueRequired\":true,\"valueName\":\"search_term_string\"}}],\"inLanguage\":\"fr-FR\"},{\"@type\":\"Organization\",\"@id\":\"https:\/\/sophie-lepesant.fr\/#organization\",\"name\":\"Myst\u00e8re \u00e0 la carte\",\"url\":\"https:\/\/sophie-lepesant.fr\/\",\"logo\":{\"@type\":\"ImageObject\",\"inLanguage\":\"fr-FR\",\"@id\":\"https:\/\/sophie-lepesant.fr\/#\/schema\/logo\/image\/\",\"url\":\"https:\/\/sophie-lepesant.fr\/wp-content\/uploads\/2025\/04\/cropped-Fichier-1-min.webp\",\"contentUrl\":\"https:\/\/sophie-lepesant.fr\/wp-content\/uploads\/2025\/04\/cropped-Fichier-1-min.webp\",\"width\":991,\"height\":882,\"caption\":\"Myst\u00e8re \u00e0 la carte\"},\"image\":{\"@id\":\"https:\/\/sophie-lepesant.fr\/#\/schema\/logo\/image\/\"}}]}<\/script>\n<!-- \/ Yoast SEO plugin. -->","yoast_head_json":{"title":"Ingr\u00e9dients - Bakery Bliss Caf\u00e9","robots":{"index":"index","follow":"follow","max-snippet":"max-snippet:-1","max-image-preview":"max-image-preview:large","max-video-preview":"max-video-preview:-1"},"canonical":"https:\/\/sophie-lepesant.fr\/index.php\/ingredients\/","og_locale":"fr_FR","og_type":"article","og_title":"Ingr\u00e9dients - Bakery Bliss Caf\u00e9","og_description":"Notre carte Les produits r\u00e9gionaux \u00a0 Sargano Cidre Basque \u00a0 Piment d&rsquo;Espelette \u00a0 Noisettes et ch\u00e2taignes \u00a0 Pomme de la vall\u00e9e d\u2019Aspe &amp; kiwi \u00a0 Lait d\u2019Ossau-Iraty \u00a0 P\u00eache basque &amp; kirsch","og_url":"https:\/\/sophie-lepesant.fr\/index.php\/ingredients\/","og_site_name":"Bakery Bliss Caf\u00e9","article_modified_time":"2025-03-30T08:07:26+00:00","og_image":[{"width":2560,"height":1810,"url":"https:\/\/sophie-lepesant.fr\/wp-content\/uploads\/2025\/03\/Plan-de-travail-1-1-min-scaled.webp","type":"image\/webp"}],"twitter_card":"summary_large_image","twitter_misc":{"Dur\u00e9e de lecture estim\u00e9e":"1 minute"},"schema":{"@context":"https:\/\/schema.org","@graph":[{"@type":"WebPage","@id":"https:\/\/sophie-lepesant.fr\/index.php\/ingredients\/","url":"https:\/\/sophie-lepesant.fr\/index.php\/ingredients\/","name":"Ingr\u00e9dients - Bakery Bliss Caf\u00e9","isPartOf":{"@id":"https:\/\/sophie-lepesant.fr\/#website"},"primaryImageOfPage":{"@id":"https:\/\/sophie-lepesant.fr\/index.php\/ingredients\/#primaryimage"},"image":{"@id":"https:\/\/sophie-lepesant.fr\/index.php\/ingredients\/#primaryimage"},"thumbnailUrl":"https:\/\/sophie-lepesant.fr\/wp-content\/uploads\/2025\/03\/Plan-de-travail-1-1-min-1024x724.webp","datePublished":"2025-02-25T18:53:17+00:00","dateModified":"2025-03-30T08:07:26+00:00","breadcrumb":{"@id":"https:\/\/sophie-lepesant.fr\/index.php\/ingredients\/#breadcrumb"},"inLanguage":"fr-FR","potentialAction":[{"@type":"ReadAction","target":["https:\/\/sophie-lepesant.fr\/index.php\/ingredients\/"]}]},{"@type":"ImageObject","inLanguage":"fr-FR","@id":"https:\/\/sophie-lepesant.fr\/index.php\/ingredients\/#primaryimage","url":"https:\/\/sophie-lepesant.fr\/wp-content\/uploads\/2025\/03\/Plan-de-travail-1-1-min-scaled.webp","contentUrl":"https:\/\/sophie-lepesant.fr\/wp-content\/uploads\/2025\/03\/Plan-de-travail-1-1-min-scaled.webp","width":2560,"height":1810,"caption":"data"},{"@type":"BreadcrumbList","@id":"https:\/\/sophie-lepesant.fr\/index.php\/ingredients\/#breadcrumb","itemListElement":[{"@type":"ListItem","position":1,"name":"Accueil","item":"https:\/\/sophie-lepesant.fr\/"},{"@type":"ListItem","position":2,"name":"Ingr\u00e9dients"}]},{"@type":"WebSite","@id":"https:\/\/sophie-lepesant.fr\/#website","url":"https:\/\/sophie-lepesant.fr\/","name":"Myst\u00e8re \u00e0 la carte","description":"","publisher":{"@id":"https:\/\/sophie-lepesant.fr\/#organization"},"potentialAction":[{"@type":"SearchAction","target":{"@type":"EntryPoint","urlTemplate":"https:\/\/sophie-lepesant.fr\/?s={search_term_string}"},"query-input":{"@type":"PropertyValueSpecification","valueRequired":true,"valueName":"search_term_string"}}],"inLanguage":"fr-FR"},{"@type":"Organization","@id":"https:\/\/sophie-lepesant.fr\/#organization","name":"Myst\u00e8re \u00e0 la carte","url":"https:\/\/sophie-lepesant.fr\/","logo":{"@type":"ImageObject","inLanguage":"fr-FR","@id":"https:\/\/sophie-lepesant.fr\/#\/schema\/logo\/image\/","url":"https:\/\/sophie-lepesant.fr\/wp-content\/uploads\/2025\/04\/cropped-Fichier-1-min.webp","contentUrl":"https:\/\/sophie-lepesant.fr\/wp-content\/uploads\/2025\/04\/cropped-Fichier-1-min.webp","width":991,"height":882,"caption":"Myst\u00e8re \u00e0 la carte"},"image":{"@id":"https:\/\/sophie-lepesant.fr\/#\/schema\/logo\/image\/"}}]}},"_links":{"self":[{"href":"https:\/\/sophie-lepesant.fr\/index.php\/wp-json\/wp\/v2\/pages\/407","targetHints":{"allow":["GET"]}}],"collection":[{"href":"https:\/\/sophie-lepesant.fr\/index.php\/wp-json\/wp\/v2\/pages"}],"about":[{"href":"https:\/\/sophie-lepesant.fr\/index.php\/wp-json\/wp\/v2\/types\/page"}],"author":[{"embeddable":true,"href":"https:\/\/sophie-lepesant.fr\/index.php\/wp-json\/wp\/v2\/users\/1"}],"replies":[{"embeddable":true,"href":"https:\/\/sophie-lepesant.fr\/index.php\/wp-json\/wp\/v2\/comments?post=407"}],"version-history":[{"count":24,"href":"https:\/\/sophie-lepesant.fr\/index.php\/wp-json\/wp\/v2\/pages\/407\/revisions"}],"predecessor-version":[{"id":963,"href":"https:\/\/sophie-lepesant.fr\/index.php\/wp-json\/wp\/v2\/pages\/407\/revisions\/963"}],"wp:attachment":[{"href":"https:\/\/sophie-lepesant.fr\/index.php\/wp-json\/wp\/v2\/media?parent=407"}],"curies":[{"name":"wp","href":"https:\/\/api.w.org\/{rel}","templated":true}]}}